{"id":2,"date":"2019-07-24T17:02:28","date_gmt":"2019-07-24T20:02:28","guid":{"rendered":"http:\/\/192.168.0.222\/mostradasprofissoes\/?page_id=2"},"modified":"2019-08-06T18:49:04","modified_gmt":"2019-08-06T21:49:04","slug":"pagina-exemplo","status":"publish","type":"page","link":"https:\/\/mostradasprofissoes.ielusc.br\/index.php\/pagina-exemplo\/","title":{"rendered":"Qual o seu futuro?"},"content":{"rendered":"\n<h2>Jornalismo<\/h2>\n\n\n\n<figure class=\"wp-block-image\"><img decoding=\"async\" loading=\"lazy\" width=\"960\" height=\"640\" src=\"http:\/\/mostradasprofissoes.ielusc.br\/wp-content\/uploads\/2019\/08\/66101045_2733870976642476_6623628384125583360_n.jpg\" alt=\"\" class=\"wp-image-95\"\/><\/figure>\n\n\n\n<p>Ao concluir o curso e conquistar o seu diploma de jornalista, voc\u00ea estar\u00e1 apto a apurar fatos e registr\u00e1-los com precis\u00e3o. Tamb\u00e9m estar\u00e1 preparado para articul\u00e1-los com outras \u00e1reas do conhecimento de modo que fa\u00e7am sentido para o p\u00fablico. Com isso, voc\u00ea ser\u00e1 capaz de contribuir para que o debate entre as pessoas se qualifique e para desenvolver o campo da comunica\u00e7\u00e3o. A atualidade mostra que sua profiss\u00e3o \u00e9 mais que necess\u00e1ria e muitas possibilidades esperam voc\u00ea.<\/p>\n\n\n\n<p>O jornalista pode trabalhar em diversos ve\u00edculos de comunica\u00e7\u00e3o, como:<br> \u2022 jornal;<br> \u2022 revista;<br> \u2022 r\u00e1dio;<br> \u2022 televis\u00e3o;<br> \u2022 internet.<\/p>\n\n\n\n<p> Tamb\u00e9m pode atuar em ag\u00eancias de comunica\u00e7\u00e3o, em editoras e gr\u00e1ficas, em assessoria de empresas p\u00fablicas e privadas; na produ\u00e7\u00e3o de conte\u00fado para diversas m\u00eddias; ou como pesquisador acad\u00eamico, autor de livros, empreendedor ou profissional aut\u00f4nomo da \u00e1rea da comunica\u00e7\u00e3o. Pode ser assessor parlamentar, assessor de movimentos sociais e de eventos. <\/p>\n\n\n\n<h2 class=\"wp-block-heading\">Publicidade e Propaganda <\/h2>\n\n\n\n<figure class=\"wp-block-image\"><img decoding=\"async\" loading=\"lazy\" width=\"2048\" height=\"1361\" src=\"http:\/\/mostradasprofissoes.ielusc.br\/wp-content\/uploads\/2019\/08\/42727209_1975136779215123_172462208452657152_o.jpg\" alt=\"\" class=\"wp-image-99\"\/><\/figure>\n\n\n\n<p>Quando se tornar um bacharel em Publicidade e Propaganda, voc\u00ea estar\u00e1 apto para pensar a comunica\u00e7\u00e3o de uma maneira cr\u00edtica e criativa.<\/p>\n\n\n\n<p>Com o conhecimento e o dom\u00ednio dos conceitos, de t\u00e9cnicas e de instrumentos da publicidade, voc\u00ea poder\u00e1 atuar em diferentes fun\u00e7\u00f5es de uma ag\u00eancia de publicidade ou de comunica\u00e7\u00e3o, em consultorias com vi\u00e9s criativo, em departamentos de marketing e de comunica\u00e7\u00e3o de empresas e de entidades p\u00fablicas ou privadas, nas \u00e1reas comercial, administrativa e de comunica\u00e7\u00e3o de ve\u00edculos de m\u00eddia ou mesmo empreender, abrindo seu pr\u00f3prio caminho como comunicador.<\/p>\n\n\n\n<h2 class=\"wp-block-heading\">Sistemas para Internet <\/h2>\n\n\n\n<figure class=\"wp-block-image\"><img decoding=\"async\" loading=\"lazy\" width=\"1280\" height=\"960\" src=\"http:\/\/mostradasprofissoes.ielusc.br\/wp-content\/uploads\/2019\/08\/WhatsApp-Image-2019-07-25-at-15.36.45.jpeg\" alt=\"\" class=\"wp-image-98\"\/><\/figure>\n\n\n\n<p>Ao concluir o curso voc\u00ea poder\u00e1 atuar no desenvolvimento de sistemas e de aplicativos para computadores, dispositivos m\u00f3veis e internet das coisas (IoT), al\u00e9m de sites para internet e intranet.<\/p>\n\n\n\n<p>Tamb\u00e9m atuar\u00e1 com tecnologias emergentes, como: computa\u00e7\u00e3o m\u00f3vel, redes sem fio e sistemas distribu\u00eddos. Estar\u00e1 apto para analisar, implantar, atualizar e manter sistemas e aplicativos. Aprender\u00e1 linguagens de programa\u00e7\u00e3o como Java, PHP e C++ e ambientes de desenvolvimento como Cordova e Phonegap.<\/p>\n\n\n\n<p>O profissional de Sistemas para Internet pode trabalhar em:<\/p>\n\n\n\n<p>\u2022 organiza\u00e7\u00f5es p\u00fablicas ou privadas;<br>\u2022 empresas de desenvolvimento de sistemas;<br>\u2022 startups;<br>\u2022 ag\u00eancias de publicidade.<\/p>\n\n\n\n<p>Ou ainda, investido de esp\u00edrito empreendedor, em seu pr\u00f3prio neg\u00f3cio.<\/p>\n\n\n\n<p><\/p>\n","protected":false},"excerpt":{"rendered":"<p>Jornalismo Ao concluir o curso e conquistar o seu diploma de jornalista, voc\u00ea estar\u00e1 apto a apurar fatos e registr\u00e1-los<a class=\"read-more\" href=\"https:\/\/mostradasprofissoes.ielusc.br\/index.php\/pagina-exemplo\/\">Continuar lendo<\/a><\/p>\n","protected":false},"author":1,"featured_media":0,"parent":0,"menu_order":0,"comment_status":"closed","ping_status":"open","template":"","meta":{"footnotes":""},"_links":{"self":[{"href":"https:\/\/mostradasprofissoes.ielusc.br\/index.php\/wp-json\/wp\/v2\/pages\/2"}],"collection":[{"href":"https:\/\/mostradasprofissoes.ielusc.br\/index.php\/wp-json\/wp\/v2\/pages"}],"about":[{"href":"https:\/\/mostradasprofissoes.ielusc.br\/index.php\/wp-json\/wp\/v2\/types\/page"}],"author":[{"embeddable":true,"href":"https:\/\/mostradasprofissoes.ielusc.br\/index.php\/wp-json\/wp\/v2\/users\/1"}],"replies":[{"embeddable":true,"href":"https:\/\/mostradasprofissoes.ielusc.br\/index.php\/wp-json\/wp\/v2\/comments?post=2"}],"version-history":[{"count":7,"href":"https:\/\/mostradasprofissoes.ielusc.br\/index.php\/wp-json\/wp\/v2\/pages\/2\/revisions"}],"predecessor-version":[{"id":100,"href":"https:\/\/mostradasprofissoes.ielusc.br\/index.php\/wp-json\/wp\/v2\/pages\/2\/revisions\/100"}],"wp:attachment":[{"href":"https:\/\/mostradasprofissoes.ielusc.br\/index.php\/wp-json\/wp\/v2\/media?parent=2"}],"curies":[{"name":"wp","href":"https:\/\/api.w.org\/{rel}","templated":true}]}}